{"id":29,"date":"2016-02-29T16:43:40","date_gmt":"2016-02-29T15:43:40","guid":{"rendered":"http:\/\/www.aivotec.cz\/?page_id=29"},"modified":"2022-10-20T15:54:14","modified_gmt":"2022-10-20T13:54:14","slug":"o-nas","status":"publish","type":"page","link":"https:\/\/www.aivotec.cz\/","title":{"rendered":"AIVOTEC"},"content":{"rendered":"<p><span style=\"color: #ffffff;\"><strong>Vyv\u00edj\u00edme inovativn\u00ed technologie a \u0159e\u0161en\u00ed v r\u00e1mci udr\u017eiteln\u00fdch syst\u00e9m\u016f<\/strong><\/span><\/p>\n<ul>\n<li><span style=\"color: #ffffff;\">energie a nov\u00e9 materi\u00e1ly z obnoviteln\u00fdch zdroj\u016f<\/span><\/li>\n<li><span style=\"color: #ffffff;\">inovativn\u00ed\u00a0technologie<\/span><\/li>\n<li><span style=\"color: #ffffff;\">cirkul\u00e1rn\u00ed ekonomika<\/span><\/li>\n<\/ul>\n<p><span style=\"color: #ffffff;\"><strong><a style=\"color: #ffffff;\" href=\"http:\/\/www.aivotec.cz\/?page_id=18\">Na\u0161e \u0159e\u0161en\u00ed<\/a> jsou chr\u00e1n\u011bna mnoha u\u017eitn\u00fdmi vzory,\u00a0p\u011bti \u010desk\u00fdmi a jedn\u00edm sv\u011btov\u00fdm patentem.<\/strong><\/span><\/p>\n<p><span style=\"color: #ffffff;\"><strong>\u00a0<\/strong><\/span><\/p>\n<p><span style=\"color: #ffffff;\"><strong>Jsme p\u016fvodci ocen\u011bn\u00fdch \u0159e\u0161en\u00ed (firma BIOUHEL.CZ)<\/strong><\/span><br \/>\n<span style=\"color: #ffffff;\"> <a style=\"color: #ffffff;\" href=\"https:\/\/www.youtube.com\/watch?v=rvmS5Aw9WBQ&amp;feature=youtu.be\">\u010cesk\u00e1 inovace 2013 &#8211; Speci\u00e1ln\u00ed cena za spole\u010denskou prosp\u011b\u0161nost inovace<br \/>\n<\/a><a style=\"color: #ffffff;\" href=\"https:\/\/biouhel.cz\/2015\/01\/22\/biouhel-cz-je-drzitelem-ceny-the-quality-innovation-of-the-year-2014\/\">Quality Innovation of the year 2014<\/a><\/span><br \/>\n<a style=\"color: #ffffff;\" href=\"https:\/\/biouhel.cz\/2022\/10\/15\/ziskali-jsme-jsme-oceneni-sdgs\/\">Cena SDGs za napl\u0148ov\u00e1n\u00ed c\u00edl\u016f udr\u017eiteln\u00e9ho rozvoje v \u010cesk\u00e9 republice v oblasti ochrany klimatu<\/a><\/p>\n","protected":false},"excerpt":{"rendered":"<p>Vyv\u00edj\u00edme inovativn\u00ed technologie a \u0159e\u0161en\u00ed v r\u00e1mci udr\u017eiteln\u00fdch syst\u00e9m\u016f energie a nov\u00e9 materi\u00e1ly z obnoviteln\u00fdch zdroj\u016f inovativn\u00ed\u00a0technologie cirkul\u00e1rn\u00ed ekonomika Na\u0161e \u0159e\u0161en\u00ed jsou chr\u00e1n\u011bna mnoha u\u017eitn\u00fdmi vzory,\u00a0p\u011bti \u010desk\u00fdmi a jedn\u00edm sv\u011btov\u00fdm patentem. \u00a0 Jsme p\u016fvodci ocen\u011bn\u00fdch \u0159e\u0161en\u00ed (firma BIOUHEL.CZ) \u010cesk\u00e1 inovace 2013 &#8211; Speci\u00e1ln\u00ed cena za spole\u010denskou prosp\u011b\u0161nost inovace Quality Innovation of the year 2014 Cena&hellip; <\/p>\n<p class=\"more-link-p\"><a class=\"more-link\" href=\"https:\/\/www.aivotec.cz\/\">Continue reading <span class=\"meta-nav\">&rarr;<\/span><\/a><\/p>\n","protected":false},"author":1,"featured_media":0,"parent":0,"menu_order":1,"comment_status":"closed","ping_status":"closed","template":"","meta":[],"_links":{"self":[{"href":"https:\/\/www.aivotec.cz\/index.php?rest_route=\/wp\/v2\/pages\/29"}],"collection":[{"href":"https:\/\/www.aivotec.cz\/index.php?rest_route=\/wp\/v2\/pages"}],"about":[{"href":"https:\/\/www.aivotec.cz\/index.php?rest_route=\/wp\/v2\/types\/page"}],"author":[{"embeddable":true,"href":"https:\/\/www.aivotec.cz\/index.php?rest_route=\/wp\/v2\/users\/1"}],"replies":[{"embeddable":true,"href":"https:\/\/www.aivotec.cz\/index.php?rest_route=%2Fwp%2Fv2%2Fcomments&post=29"}],"version-history":[{"count":46,"href":"https:\/\/www.aivotec.cz\/index.php?rest_route=\/wp\/v2\/pages\/29\/revisions"}],"predecessor-version":[{"id":323,"href":"https:\/\/www.aivotec.cz\/index.php?rest_route=\/wp\/v2\/pages\/29\/revisions\/323"}],"wp:attachment":[{"href":"https:\/\/www.aivotec.cz\/index.php?rest_route=%2Fwp%2Fv2%2Fmedia&parent=29"}],"curies":[{"name":"wp","href":"https:\/\/api.w.org\/{rel}","templated":true}]}}