{"id":214,"date":"2021-03-23T14:34:21","date_gmt":"2021-03-23T13:34:21","guid":{"rendered":"http:\/\/www.aivotec.cz\/?page_id=214"},"modified":"2026-03-18T06:51:54","modified_gmt":"2026-03-18T05:51:54","slug":"projekty-s-dotaci","status":"publish","type":"page","link":"https:\/\/www.aivotec.cz\/?page_id=214","title":{"rendered":"PUBLICITA"},"content":{"rendered":"\n<figure class=\"wp-block-image size-large\"><a href=\"https:\/\/www.aivotec.cz\/wp-content\/uploads\/2025\/07\/Snimek-obrazovky-2025-07-22-v-7.43.15.png\"><img loading=\"lazy\" width=\"1024\" height=\"609\" src=\"https:\/\/www.aivotec.cz\/wp-content\/uploads\/2025\/07\/Snimek-obrazovky-2025-07-22-v-7.43.15-1024x609.png\" alt=\"\" class=\"wp-image-464\" srcset=\"https:\/\/www.aivotec.cz\/wp-content\/uploads\/2025\/07\/Snimek-obrazovky-2025-07-22-v-7.43.15-1024x609.png 1024w, https:\/\/www.aivotec.cz\/wp-content\/uploads\/2025\/07\/Snimek-obrazovky-2025-07-22-v-7.43.15-300x178.png 300w, https:\/\/www.aivotec.cz\/wp-content\/uploads\/2025\/07\/Snimek-obrazovky-2025-07-22-v-7.43.15-768x457.png 768w, https:\/\/www.aivotec.cz\/wp-content\/uploads\/2025\/07\/Snimek-obrazovky-2025-07-22-v-7.43.15-1536x914.png 1536w, https:\/\/www.aivotec.cz\/wp-content\/uploads\/2025\/07\/Snimek-obrazovky-2025-07-22-v-7.43.15-2048x1218.png 2048w, https:\/\/www.aivotec.cz\/wp-content\/uploads\/2025\/07\/Snimek-obrazovky-2025-07-22-v-7.43.15-400x238.png 400w\" sizes=\"(max-width: 1024px) 100vw, 1024px\" \/><\/a><\/figure>\n\n\n\n<figure class=\"wp-block-image size-large\"><a href=\"https:\/\/www.aivotec.cz\/wp-content\/uploads\/2024\/08\/Snimek-obrazovky-2024-08-20-v-8.25.47.png\"><img loading=\"lazy\" width=\"1024\" height=\"650\" src=\"https:\/\/www.aivotec.cz\/wp-content\/uploads\/2024\/08\/Snimek-obrazovky-2024-08-20-v-8.25.47-1024x650.png\" alt=\"\" class=\"wp-image-417\" srcset=\"https:\/\/www.aivotec.cz\/wp-content\/uploads\/2024\/08\/Snimek-obrazovky-2024-08-20-v-8.25.47-1024x650.png 1024w, https:\/\/www.aivotec.cz\/wp-content\/uploads\/2024\/08\/Snimek-obrazovky-2024-08-20-v-8.25.47-300x190.png 300w, https:\/\/www.aivotec.cz\/wp-content\/uploads\/2024\/08\/Snimek-obrazovky-2024-08-20-v-8.25.47-768x488.png 768w, https:\/\/www.aivotec.cz\/wp-content\/uploads\/2024\/08\/Snimek-obrazovky-2024-08-20-v-8.25.47-400x254.png 400w, https:\/\/www.aivotec.cz\/wp-content\/uploads\/2024\/08\/Snimek-obrazovky-2024-08-20-v-8.25.47.png 1254w\" sizes=\"(max-width: 1024px) 100vw, 1024px\" \/><\/a><\/figure>\n\n\n\n<hr class=\"wp-block-separator\"\/>\n\n\n\n<h2 class=\"has-white-color has-text-color\"><strong>Ukon\u010den\u00e9 projekty<\/strong><\/h2>\n\n\n\n<hr class=\"wp-block-separator\"\/>\n\n\n\n<figure class=\"wp-block-image size-large\"><a href=\"https:\/\/www.aivotec.cz\/wp-content\/uploads\/2024\/08\/Snimek-obrazovky-2024-08-20-v-8.28.54.png\"><img loading=\"lazy\" width=\"1024\" height=\"632\" src=\"https:\/\/www.aivotec.cz\/wp-content\/uploads\/2024\/08\/Snimek-obrazovky-2024-08-20-v-8.28.54-1024x632.png\" alt=\"\" class=\"wp-image-419\" srcset=\"https:\/\/www.aivotec.cz\/wp-content\/uploads\/2024\/08\/Snimek-obrazovky-2024-08-20-v-8.28.54-1024x632.png 1024w, https:\/\/www.aivotec.cz\/wp-content\/uploads\/2024\/08\/Snimek-obrazovky-2024-08-20-v-8.28.54-300x185.png 300w, https:\/\/www.aivotec.cz\/wp-content\/uploads\/2024\/08\/Snimek-obrazovky-2024-08-20-v-8.28.54-768x474.png 768w, https:\/\/www.aivotec.cz\/wp-content\/uploads\/2024\/08\/Snimek-obrazovky-2024-08-20-v-8.28.54-1536x948.png 1536w, https:\/\/www.aivotec.cz\/wp-content\/uploads\/2024\/08\/Snimek-obrazovky-2024-08-20-v-8.28.54-2048x1264.png 2048w, https:\/\/www.aivotec.cz\/wp-content\/uploads\/2024\/08\/Snimek-obrazovky-2024-08-20-v-8.28.54-400x247.png 400w\" sizes=\"(max-width: 1024px) 100vw, 1024px\" \/><\/a><\/figure>\n\n\n\n<hr class=\"wp-block-separator\"\/>\n\n\n\n<figure class=\"wp-block-image size-full\"><a href=\"https:\/\/www.aivotec.cz\/wp-content\/uploads\/2026\/03\/CerbonClean.png\"><img loading=\"lazy\" width=\"1536\" height=\"2752\" src=\"https:\/\/www.aivotec.cz\/wp-content\/uploads\/2026\/03\/CerbonClean.png\" alt=\"\" class=\"wp-image-496\" srcset=\"https:\/\/www.aivotec.cz\/wp-content\/uploads\/2026\/03\/CerbonClean.png 1536w, https:\/\/www.aivotec.cz\/wp-content\/uploads\/2026\/03\/CerbonClean-167x300.png 167w, https:\/\/www.aivotec.cz\/wp-content\/uploads\/2026\/03\/CerbonClean-572x1024.png 572w, https:\/\/www.aivotec.cz\/wp-content\/uploads\/2026\/03\/CerbonClean-768x1376.png 768w, https:\/\/www.aivotec.cz\/wp-content\/uploads\/2026\/03\/CerbonClean-857x1536.png 857w, https:\/\/www.aivotec.cz\/wp-content\/uploads\/2026\/03\/CerbonClean-1143x2048.png 1143w, https:\/\/www.aivotec.cz\/wp-content\/uploads\/2026\/03\/CerbonClean-400x717.png 400w\" sizes=\"(max-width: 1536px) 100vw, 1536px\" \/><\/a><\/figure>\n\n\n\n<figure class=\"wp-block-image size-large\"><a href=\"https:\/\/www.aivotec.cz\/wp-content\/uploads\/2024\/08\/Snimek-obrazovky-2024-08-20-v-8.31.56.png\"><img loading=\"lazy\" width=\"1024\" height=\"317\" src=\"https:\/\/www.aivotec.cz\/wp-content\/uploads\/2024\/08\/Snimek-obrazovky-2024-08-20-v-8.31.56-1024x317.png\" alt=\"\" class=\"wp-image-421\" srcset=\"https:\/\/www.aivotec.cz\/wp-content\/uploads\/2024\/08\/Snimek-obrazovky-2024-08-20-v-8.31.56-1024x317.png 1024w, https:\/\/www.aivotec.cz\/wp-content\/uploads\/2024\/08\/Snimek-obrazovky-2024-08-20-v-8.31.56-300x93.png 300w, https:\/\/www.aivotec.cz\/wp-content\/uploads\/2024\/08\/Snimek-obrazovky-2024-08-20-v-8.31.56-768x238.png 768w, https:\/\/www.aivotec.cz\/wp-content\/uploads\/2024\/08\/Snimek-obrazovky-2024-08-20-v-8.31.56-400x124.png 400w, https:\/\/www.aivotec.cz\/wp-content\/uploads\/2024\/08\/Snimek-obrazovky-2024-08-20-v-8.31.56.png 1330w\" sizes=\"(max-width: 1024px) 100vw, 1024px\" \/><\/a><\/figure>\n\n\n\n<figure class=\"wp-block-video\"><video controls src=\"https:\/\/www.aivotec.cz\/wp-content\/uploads\/2023\/09\/VID-20230802-WA0018.mp4\"><\/video><\/figure>\n\n\n\n<p class=\"has-white-color has-text-color\"><a href=\"http:\/\/www.aivotec.cz\/wp-content\/uploads\/2024\/04\/TestFarms-22-sumary-ENG.pdf\">Vyhodnocen\u00ed projektu Test Farms<\/a><\/p>\n\n\n\n<hr class=\"wp-block-separator\"\/>\n\n\n\n<figure class=\"wp-block-image size-full\"><a href=\"https:\/\/www.aivotec.cz\/wp-content\/uploads\/2023\/03\/0-1.jpg\"><img loading=\"lazy\" width=\"1683\" height=\"2381\" src=\"https:\/\/www.aivotec.cz\/wp-content\/uploads\/2023\/03\/0-1.jpg\" alt=\"\" class=\"wp-image-342\" srcset=\"https:\/\/www.aivotec.cz\/wp-content\/uploads\/2023\/03\/0-1.jpg 1683w, https:\/\/www.aivotec.cz\/wp-content\/uploads\/2023\/03\/0-1-212x300.jpg 212w, https:\/\/www.aivotec.cz\/wp-content\/uploads\/2023\/03\/0-1-724x1024.jpg 724w, https:\/\/www.aivotec.cz\/wp-content\/uploads\/2023\/03\/0-1-768x1087.jpg 768w, https:\/\/www.aivotec.cz\/wp-content\/uploads\/2023\/03\/0-1-1086x1536.jpg 1086w, https:\/\/www.aivotec.cz\/wp-content\/uploads\/2023\/03\/0-1-1448x2048.jpg 1448w, https:\/\/www.aivotec.cz\/wp-content\/uploads\/2023\/03\/0-1-400x566.jpg 400w\" sizes=\"(max-width: 1683px) 100vw, 1683px\" \/><\/a><\/figure>\n\n\n\n<p><\/p>\n","protected":false},"excerpt":{"rendered":"<p>Ukon\u010den\u00e9 projekty Vyhodnocen\u00ed projektu Test Farms<\/p>\n","protected":false},"author":1,"featured_media":0,"parent":0,"menu_order":0,"comment_status":"closed","ping_status":"closed","template":"","meta":[],"_links":{"self":[{"href":"https:\/\/www.aivotec.cz\/index.php?rest_route=\/wp\/v2\/pages\/214"}],"collection":[{"href":"https:\/\/www.aivotec.cz\/index.php?rest_route=\/wp\/v2\/pages"}],"about":[{"href":"https:\/\/www.aivotec.cz\/index.php?rest_route=\/wp\/v2\/types\/page"}],"author":[{"embeddable":true,"href":"https:\/\/www.aivotec.cz\/index.php?rest_route=\/wp\/v2\/users\/1"}],"replies":[{"embeddable":true,"href":"https:\/\/www.aivotec.cz\/index.php?rest_route=%2Fwp%2Fv2%2Fcomments&post=214"}],"version-history":[{"count":55,"href":"https:\/\/www.aivotec.cz\/index.php?rest_route=\/wp\/v2\/pages\/214\/revisions"}],"predecessor-version":[{"id":498,"href":"https:\/\/www.aivotec.cz\/index.php?rest_route=\/wp\/v2\/pages\/214\/revisions\/498"}],"wp:attachment":[{"href":"https:\/\/www.aivotec.cz\/index.php?rest_route=%2Fwp%2Fv2%2Fmedia&parent=214"}],"curies":[{"name":"wp","href":"https:\/\/api.w.org\/{rel}","templated":true}]}}